{"id":73895,"date":"2025-12-15T09:06:07","date_gmt":"2025-12-15T09:06:07","guid":{"rendered":"https:\/\/www.sthubertus.be\/cookie-policy\/"},"modified":"2025-12-16T11:34:57","modified_gmt":"2025-12-16T11:34:57","slug":"cookie-policy","status":"publish","type":"page","link":"https:\/\/www.sthubertus.be\/fr\/cookie-policy\/","title":{"rendered":"POLITIQUE RELATIVE AUX COOKIES"},"content":{"rendered":"\t\t<div data-elementor-type=\"wp-page\" data-elementor-id=\"73895\" class=\"elementor elementor-73895 elementor-73749\" data-elementor-post-type=\"page\">\n\t\t\t\t\t\t<section class=\"elementor-section elementor-top-section elementor-element elementor-element-2cc1b906 elementor-section-boxed elementor-section-height-default elementor-section-height-default sc_fly_static\" data-id=\"2cc1b906\" data-element_type=\"section\" data-e-type=\"section\" data-settings=\"{&quot;background_background&quot;:&quot;classic&quot;}\">\n\t\t\t\t\t\t<div class=\"elementor-container elementor-column-gap-extended\">\n\t\t\t\t\t<div class=\"elementor-column elementor-col-100 elementor-top-column elementor-element elementor-element-76901cf1 sc_content_align_inherit sc_layouts_column_icons_position_left sc_fly_static\" data-id=\"76901cf1\" data-element_type=\"column\" data-e-type=\"column\">\n\t\t\t<div class=\"elementor-widget-wrap elementor-element-populated\">\n\t\t\t\t\t\t<div class=\"elementor-element elementor-element-7ca8ac5a sc_fly_static elementor-widget elementor-widget-text-editor\" data-id=\"7ca8ac5a\" data-element_type=\"widget\" data-e-type=\"widget\" data-widget_type=\"text-editor.default\">\n\t\t\t\t<div class=\"elementor-widget-container\">\n\t\t\t\t\t\t\t\t\t<div class=\"container my-5\">\n<div class=\"row\">\n<div class=\"col-12\">\n<h1>Politique relative aux cookies<\/h1>\n<strong>Votre consentement<\/strong>\n\nEn visitant le site Internet <strong>www.rameebeer.be<\/strong> (le <strong>site Internet<\/strong>), vous autorisez l&rsquo;utilisation de cookies conform\u00e9ment \u00e0 la pr\u00e9sente politique relative aux cookies. Vous remarquerez un message d&rsquo;avertissement \u00e0 cet \u00e9gard lors de votre premi\u00e8re visite sur le site. Bien que ce pop-up d&rsquo;avertissement ne s&rsquo;affichera pas n\u00e9cessairement lors de vos prochaines visites, il vous sera toujours possible de revenir ult\u00e9rieurement sur votre consentement en suivant les instructions ci-dessous.  \n\n<strong>D\u00e9sactiver les cookies<\/strong>\n\nSi vous refusez l&rsquo;utilisation de cookies sur ce site Internet, vous pouvez les d\u00e9sactiver en suivant les instructions pour param\u00e9trer votre navigateur <strong><a href=\"http:\/\/allaboutcookies.org\/\" target=\"_blank\" rel=\"noopener\">http:\/\/allaboutcookies.org<\/a><\/strong>. Veuillez noter que certaines fonctionnalit\u00e9s du site ou certains services fournis seront limit\u00e9s ou impossibles si les cookies sont d\u00e9sactiv\u00e9s. \n\nVous retrouverez ci-dessous une liste des organisations fournissant un outil de gestion automatique des cookies, ainsi que le type de cookies et un lien vers leur outil de gestion automatique. En ce qui concerne le reste, nous dressons une liste des cookies et leur source \u00e0 la date de cette politique relative aux cookies de sorte que vous puissiez ais\u00e9ment les identifier et les d\u00e9sactiver vous-m\u00eame via les param\u00e8tres de votre navigateur. \n\nCertains navigateurs peuvent \u00eatre param\u00e9tr\u00e9s afin de ne pas enregistrer vos activit\u00e9s sur Internet. En d\u00e9sactivant ces suivis, certaines fonctionnalit\u00e9s du site Internet peuvent \u00eatre entrav\u00e9es. \n\nLes cookies utilis\u00e9s par notre site Internet peuvent changer apr\u00e8s votre premi\u00e8re visite. Cette politique relative aux cookies vous permettra toujours de savoir qui met en place certains cookies et \u00e0 quelle fin, et vous donne toujours les moyens de les d\u00e9sactiver, c&rsquo;est pourquoi il vous est profitable de la consulter de temps \u00e0 autre. \n\n<strong>Que sont les cookies ?<\/strong>\n\nLes cookies sont des fichiers texte contenant de petites quantit\u00e9s d&rsquo;informations qui sont t\u00e9l\u00e9charg\u00e9s sur votre appareil lorsque vous visitez un site Internet. Les cookies sont ensuite renvoy\u00e9s au domaine Internet d&rsquo;origine lors de vos visites ult\u00e9rieures sur ce domaine. La plupart des pages Internet contiennent des \u00e9l\u00e9ments provenant de plusieurs domaines Internet, de sorte que lorsque vous visitez le site Internet, votre navigateur peut recevoir des cookies provenant de plusieurs sources.  \n\nLes cookies permettent \u00e0 un site Internet de reconna\u00eetre l&rsquo;appareil d&rsquo;un utilisateur. Les cookies vous permettent de naviguer efficacement entre les pages, de m\u00e9moriser vos pr\u00e9f\u00e9rences et, en g\u00e9n\u00e9ral, d&rsquo;am\u00e9liorer l&rsquo;exp\u00e9rience de l&rsquo;utilisateur. Ils peuvent \u00e9galement \u00eatre utilis\u00e9s pour cibler la publicit\u00e9 en fonction de vos int\u00e9r\u00eats par le suivi de votre navigation sur les sites Internet.  \n\nLes cookies de session sont supprim\u00e9s automatiquement lorsque vous fermez votre navigateur et les cookies persistants restent sur votre appareil apr\u00e8s la fermeture du navigateur (par exemple pour vous rappeler vos pr\u00e9f\u00e9rences d&rsquo;utilisateur lorsque vous retournez sur un site Internet).\n<p align=\"left\"><strong>Quels types de cookies utilisons-nous chez <\/strong><strong>Bibco<\/strong><strong> ?<\/strong><\/p>\n<p align=\"left\">Ci-dessous, nous d\u00e9crivons les cat\u00e9gories de cookies que Bibco, ses soci\u00e9t\u00e9s affili\u00e9es et ses sous-traitants utilisent.<\/p>\n<p align=\"left\"><u>Les cookies strictement n\u00e9cessaires<\/u><\/p>\n<p align=\"left\">Ces cookies sont indispensables pour vous permettre de naviguer sur le site et d&rsquo;utiliser ses fonctionnalit\u00e9s. Sans ces cookies, les services sollicit\u00e9s (comme la navigation entre les pages, l&rsquo;utilisation d&rsquo;un panier d&rsquo;achats ou les services de facturation \u00e9lectronique) ne peuvent pas \u00eatre fournis. <\/p>\nLe site Internet utilise actuellement les cookies strictement n\u00e9cessaires suivants :\n<br><br><table width=\"100%\" border=\"1\" cellspacing=\"0\" cellpadding=\"0\">\n<tbody>\n<tr>\n<td valign=\"top\" width=\"155\"><strong>Nom du cookie<\/strong><\/td>\n<td valign=\"top\" width=\"155\"><strong>Source<\/strong><\/td>\n<td valign=\"top\" width=\"155\"><strong>Objectif<\/strong><\/td>\n<td valign=\"top\" width=\"155\"><strong>Informations compl\u00e9mentaires<\/strong><\/td>\n<\/tr>\n<tr>\n<td valign=\"top\">lang<\/td>\n<td valign=\"top\">[Bibco]<\/td>\n<td valign=\"top\">Ce cookie attribue la langue utilis\u00e9e pour naviguer sur le site Web.<\/td>\n<\/tr>\n<tr>\n<td valign=\"top\">over18<\/td>\n<td valign=\"top\">[Bibco]<\/td>\n<td valign=\"top\">Ce cookie est utilis\u00e9 pour v\u00e9rifier que le visiteur a plus de 18 ans pour naviguer sur le site Web.<\/td>\n<\/tr>\n<\/tbody>\n<\/table>\n<br><u>Cookies de performance<\/u>\n\nNous utilisons des cookies analytiques pour analyser la mani\u00e8re dont nos visiteurs utilisent le site Internet et pour surveiller les performances du site Internet. Cela nous permet d&rsquo;offrir une exp\u00e9rience de haute qualit\u00e9 en personnalisant notre offre et en identifiant et corrigeant rapidement les probl\u00e8mes rencontr\u00e9s. Par exemple, nous pouvons utiliser des cookies de performance pour savoir quelles pages sont les plus populaires, quelle m\u00e9thode de liaison entre les pages est la plus efficace et pour d\u00e9terminer pourquoi certaines pages re\u00e7oivent des messages d&rsquo;erreur. Nous pouvons \u00e9galement utiliser ces cookies pour mettre en \u00e9vidence des articles ou des services du site qui, selon nous, vous int\u00e9resseront en fonction de votre utilisation du site Internet. Les renseignements recueillis par ces t\u00e9moins ne sont pas associ\u00e9s \u00e0 vos renseignements personnels par nous ou par nos entrepreneurs.    \n\nLe site Internet utilise actuellement les cookies analytiques suivants :\n<br><br><table width=\"100%\" border=\"1\" cellspacing=\"0\" cellpadding=\"0\">\n<tbody>\n<tr>\n<th><strong>Nom du cookie<\/strong><\/th>\n<th><strong>Source<\/strong><\/th>\n<th><strong>Objectif<\/strong><\/th>\n<th><strong>Informations compl\u00e9mentaires<\/strong><\/th>\n<\/tr>\n<tr>\n<td valign=\"top\">__utma\n\n__utmb\n\n__utmc\n\n__utmt\n\n__utmz<\/td>\n<td valign=\"top\">Google Analytics<\/td>\n<td valign=\"top\">Ces cookies sont utilis\u00e9s pour recueillir des informations sur la fa\u00e7on dont les visiteurs utilisent le site Internet. Nous utilisons ces informations pour compiler des rapports et pour nous aider \u00e0 am\u00e9liorer le site Internet. Les cookies collectent des informations sous une forme anonyme, y compris le nombre de visiteurs du site Internet, d&rsquo;o\u00f9 les visiteurs sont venus sur le site Internet et les pages qu&rsquo;ils ont visit\u00e9es.  <\/td>\n<td valign=\"top\"><a href=\"https:\/\/support.google.com\/analytics\/answer\/6004245\" target=\"_blank\" rel=\"noopener\">https:\/\/support.google.com\/analytics\/answer\/6004245<\/a><\/td>\n<\/tr>\n<\/tbody>\n<\/table>\n<br><u>Balises HTML de courriel<\/u>\n\nNos courriels peuvent contenir une seule et unique \u00ab balise invisible \u00bb pour nous dire si nos courriels sont ouverts et v\u00e9rifier les clics sur les liens \u00e0 l&rsquo;int\u00e9rieur du courriel. Nous pouvons utiliser ces informations pour d\u00e9terminer lesquels de nos courriels vous int\u00e9ressent le plus et pour savoir si les utilisateurs qui n&rsquo;ouvrent pas nos courriels souhaitent continuer \u00e0 les recevoir. La balise invisible sera supprim\u00e9e lorsque vous supprimez l&#8217;email. Si vous ne souhaitez pas que la balise invisible soit t\u00e9l\u00e9charg\u00e9e sur votre appareil, vous devriez choisir de recevoir des courriels de notre part en texte brut plut\u00f4t qu&rsquo;en HTML. Certaines pages du site Internet peuvent \u00e9galement contenir des balises Web et nous permettre de compter le nombre de visiteurs qui ont consult\u00e9 nos pages. Ils nous permettent de d\u00e9velopper des informations statistiques sur les activit\u00e9s et les caract\u00e9ristiques qui int\u00e9ressent le plus nos consommateurs dans le but de fournir un contenu plus personnalis\u00e9. En g\u00e9n\u00e9ral, ils ne sont pas utilis\u00e9s pour acc\u00e9der \u00e0 des renseignements personnels identifiables sans votre consentement.      \n\nLes balises invisibles peuvent \u00eatre partag\u00e9es avec des tiers qui soutiennent directement nos activit\u00e9s promotionnelles et le d\u00e9veloppement de notre site Internet. Par exemple, afin de mesurer l&rsquo;efficacit\u00e9 de nos publicit\u00e9s, des tiers, y compris Facebook, peuvent utiliser des cookies, des balises Web et d&rsquo;autres technologies de stockage pour collecter ou recevoir des informations du site Internet et d&rsquo;autres sites Internet, et utiliser ces informations pour fournir des services de mesure et cibler les publicit\u00e9s sur leurs propres plateformes. Vous trouverez ici comment d\u00e9sactiver la collecte et l&rsquo;utilisation des informations pour le ciblage publicitaire par des tiers (liens vers <a href=\"http:\/\/www.aboutads.info\/choices\" target=\"_blank\" rel=\"noopener\">http:\/\/www.aboutads.info\/choices<\/a> et <a href=\"http:\/\/www.youronlinechoices.eu\/\" target=\"_blank\" rel=\"noopener\">http:\/\/www.youronlinechoices.eu\/<\/a>).  \n<br><br><u>Utilisation des adresses IP et des logs Internet<\/u>\n\nNous pouvons \u00e9galement utiliser votre adresse IP et votre type de navigateur pour diagnostiquer des probl\u00e8mes avec notre serveur, pour administrer le site Internet et pour am\u00e9liorer le service que nous vous offrons. Une adresse IP est un code num\u00e9rique qui identifie votre ordinateur sur Internet. Votre adresse IP peut \u00e9galement \u00eatre utilis\u00e9e pour recueillir des informations d\u00e9mographiques g\u00e9n\u00e9rales.\nNous pouvons effectuer des recherches IP pour d\u00e9terminer de quel domaine vous venez (par exemple google.com) afin de mieux \u00e9valuer la d\u00e9mographie de nos utilisateurs.  \n\n<strong>La politique relative aux cookies ne couvre pas les sites Internet de tiers.<\/strong>\n\nVeuillez noter que cette politique relative aux cookies ne s&rsquo;applique pas aux pratiques de confidentialit\u00e9 des sites Internet de tiers qui peuvent \u00eatre li\u00e9s \u00e0 notre site Internet et que nous ne sommes pas responsables de leurs pratiques.\n\n<strong>Modifications \u00e0 la politique relative aux cookies<\/strong>\n\nNous publierons sur cette page toute modification apport\u00e9e \u00e0 la pr\u00e9sente politique relative aux cookies. Nous vous prions de consulter r\u00e9guli\u00e8rement cette page pour prendre connaissance des mises \u00e0 jour ou des modifications apport\u00e9es \u00e0 la pr\u00e9sente politique relative aux cookies. Cette politique relative aux cookies a fait l&rsquo;objet d&rsquo;une mise \u00e0 jour en mai 2018.  \n\n<\/div>\n<\/div>\n<\/div>\t\t\t\t\t\t\t\t<\/div>\n\t\t\t\t<\/div>\n\t\t\t\t\t<\/div>\n\t\t<\/div>\n\t\t\t\t\t<\/div>\n\t\t<\/section>\n\t\t\t\t<\/div>\n\t\t","protected":false},"excerpt":{"rendered":"<p>Politique relative aux cookies Votre consentement En visitant le site Internet www.rameebeer.be (le site Internet), vous autorisez l&rsquo;utilisation de cookies conform\u00e9ment \u00e0 la pr\u00e9sente politique relative aux cookies. Vous remarquerez&hellip;<\/p>\n","protected":false},"author":3,"featured_media":0,"parent":0,"menu_order":0,"comment_status":"closed","ping_status":"closed","template":"","meta":{"footnotes":""},"class_list":["post-73895","page","type-page","status-publish","hentry"],"_links":{"self":[{"href":"https:\/\/www.sthubertus.be\/fr\/wp-json\/wp\/v2\/pages\/73895","targetHints":{"allow":["GET"]}}],"collection":[{"href":"https:\/\/www.sthubertus.be\/fr\/wp-json\/wp\/v2\/pages"}],"about":[{"href":"https:\/\/www.sthubertus.be\/fr\/wp-json\/wp\/v2\/types\/page"}],"author":[{"embeddable":true,"href":"https:\/\/www.sthubertus.be\/fr\/wp-json\/wp\/v2\/users\/3"}],"replies":[{"embeddable":true,"href":"https:\/\/www.sthubertus.be\/fr\/wp-json\/wp\/v2\/comments?post=73895"}],"version-history":[{"count":3,"href":"https:\/\/www.sthubertus.be\/fr\/wp-json\/wp\/v2\/pages\/73895\/revisions"}],"predecessor-version":[{"id":73936,"href":"https:\/\/www.sthubertus.be\/fr\/wp-json\/wp\/v2\/pages\/73895\/revisions\/73936"}],"wp:attachment":[{"href":"https:\/\/www.sthubertus.be\/fr\/wp-json\/wp\/v2\/media?parent=73895"}],"curies":[{"name":"wp","href":"https:\/\/api.w.org\/{rel}","templated":true}]}}